{"id":8,"date":"2015-05-22T11:21:58","date_gmt":"2015-05-22T11:21:58","guid":{"rendered":"http:\/\/www.grueneschulebasel.ch\/wordpress\/?page_id=8"},"modified":"2020-03-09T21:28:50","modified_gmt":"2020-03-09T21:28:50","slug":"fuhrungskonzepte","status":"publish","type":"page","link":"https:\/\/www.grueneschulebasel.ch\/wordpress\/fuhrungskonzepte\/","title":{"rendered":"F\u00fchrungskonzepte"},"content":{"rendered":"<p><a href=\"https:\/\/www.grueneschulebasel.ch\/wordpress\/fuhrungskonzepte\/fleischfresser-und-wustenpflanzen\/\">Anpassungen der Pflanzen an ihren Lebensraum<\/a><\/p>\n<p><a href=\"https:\/\/www.grueneschulebasel.ch\/wordpress\/fuhrungskonzepte\/baumfuehrung\/\">Baumf\u00fchrung<\/a><\/p>\n<p><a href=\"https:\/\/www.grueneschulebasel.ch\/wordpress\/fuhrungskonzepte\/bluten-und-bestaubung\/\">Bl\u00fcten und Best\u00e4ubung<\/a><\/p>\n<p><a href=\"https:\/\/www.grueneschulebasel.ch\/wordpress\/fuhrungskonzepte\/heil-und-giftpflanzenfuhrung\/\">Heil- und Giftpflanzenf\u00fchrung<\/a><\/p>\n<p><a href=\"https:\/\/www.grueneschulebasel.ch\/wordpress\/fuhrungskonzepte\/hexereien-im-krautergarten\/\">Hexereien im Kr\u00e4utergarten<\/a><\/p>\n<p><a href=\"https:\/\/www.grueneschulebasel.ch\/wordpress\/fuhrungskonzepte\/nutzpflanzen-der-penan-im-regenwald\/\">Nutzpflanzen der Penan im Regenwald von Borneo<\/a><\/p>\n<p><a href=\"https:\/\/www.grueneschulebasel.ch\/wordpress\/fuhrungskonzepte\/sinnessafari\/\">Sinnessafari<\/a><\/p>\n<p><a href=\"https:\/\/www.grueneschulebasel.ch\/wordpress\/fuhrungskonzepte\/tropenfuhrung\/\">Tropenf\u00fchrung<\/a><\/p>\n","protected":false},"excerpt":{"rendered":"<p>Anpassungen der Pflanzen an ihren Lebensraum Baumf\u00fchrung Bl\u00fcten und Best\u00e4ubung Heil- und Giftpflanzenf\u00fchrung Hexereien im Kr\u00e4utergarten Nutzpflanzen der Penan im Regenwald von Borneo Sinnessafari Tropenf\u00fchrung<\/p>\n","protected":false},"author":1,"featured_media":0,"parent":0,"menu_order":0,"comment_status":"closed","ping_status":"closed","template":"","meta":{"footnotes":""},"class_list":["post-8","page","type-page","status-publish","hentry"],"_links":{"self":[{"href":"https:\/\/www.grueneschulebasel.ch\/wordpress\/wp-json\/wp\/v2\/pages\/8","targetHints":{"allow":["GET"]}}],"collection":[{"href":"https:\/\/www.grueneschulebasel.ch\/wordpress\/wp-json\/wp\/v2\/pages"}],"about":[{"href":"https:\/\/www.grueneschulebasel.ch\/wordpress\/wp-json\/wp\/v2\/types\/page"}],"author":[{"embeddable":true,"href":"https:\/\/www.grueneschulebasel.ch\/wordpress\/wp-json\/wp\/v2\/users\/1"}],"replies":[{"embeddable":true,"href":"https:\/\/www.grueneschulebasel.ch\/wordpress\/wp-json\/wp\/v2\/comments?post=8"}],"version-history":[{"count":7,"href":"https:\/\/www.grueneschulebasel.ch\/wordpress\/wp-json\/wp\/v2\/pages\/8\/revisions"}],"predecessor-version":[{"id":376,"href":"https:\/\/www.grueneschulebasel.ch\/wordpress\/wp-json\/wp\/v2\/pages\/8\/revisions\/376"}],"wp:attachment":[{"href":"https:\/\/www.grueneschulebasel.ch\/wordpress\/wp-json\/wp\/v2\/media?parent=8"}],"curies":[{"name":"wp","href":"https:\/\/api.w.org\/{rel}","templated":true}]}}