{"id":662,"date":"2024-05-15T12:36:38","date_gmt":"2024-05-15T12:36:38","guid":{"rendered":"https:\/\/www.grueneschulebasel.ch\/?page_id=662"},"modified":"2024-05-20T14:55:35","modified_gmt":"2024-05-20T14:55:35","slug":"projekt-fuhrungen","status":"publish","type":"page","link":"https:\/\/www.grueneschulebasel.ch\/wordpress\/home\/projekt-fuhrungen\/","title":{"rendered":"Projekt F\u00fchrungen"},"content":{"rendered":"\n<figure class=\"wp-block-image size-large\"><a href=\"https:\/\/www.grueneschulebasel.ch\/wordpress\/wp-content\/uploads\/2019\/02\/DSC_4938.jpg\"><img loading=\"lazy\" decoding=\"async\" width=\"1024\" height=\"678\" src=\"https:\/\/www.grueneschulebasel.ch\/wordpress\/wp-content\/uploads\/2019\/02\/DSC_4938-1024x678.jpg\" alt=\"\" class=\"wp-image-291\" srcset=\"https:\/\/www.grueneschulebasel.ch\/wordpress\/wp-content\/uploads\/2019\/02\/DSC_4938-1024x678.jpg 1024w, https:\/\/www.grueneschulebasel.ch\/wordpress\/wp-content\/uploads\/2019\/02\/DSC_4938-300x199.jpg 300w, https:\/\/www.grueneschulebasel.ch\/wordpress\/wp-content\/uploads\/2019\/02\/DSC_4938-768x509.jpg 768w\" sizes=\"auto, (max-width: 1024px) 100vw, 1024px\" \/><\/a><\/figure>\n\n\n\n<p>Seit 2005 bis heute hat die Gr\u00fcne Schule mit \u00fcber 900 F\u00fchrungen und mehr wie 14\u2019700 TeilnehmerInnen durch den Garten gef\u00fchrt. Pro Jahr sind dies im Durchschnitt 52 F\u00fchrungen. <br>Seit eh und je bietet die Gr\u00fcne Schule sieben bis acht verschiedene und gut etablierte F\u00fchrungsthemen im Botanischen Garten Basel an, welche von Schulklassen kostenlos besucht werden k\u00f6nnen. <br>Private Kindergruppen k\u00f6nnen gegen eine Entsch\u00e4digung eine F\u00fchrung buchen. Gerne organisieren wir auch Weiterbildungen f\u00fcr LehrerInnen, bei welchen einen Einblick in die Pflanzenwelt des Botanischen Gartens und unsere F\u00fchrungen erm\u00f6glicht wird.<br>Geleitet werden die ein- bis eineinhalbst\u00fcndigen F\u00fchrungen von unseren Gartenlehrpersonen mit laufendem und abgeschlossenem Biologiestudium oder \u00c4hnlichem, welche von der Gr\u00fcnen Schule ausgebildet werden. Dies erm\u00f6glicht StudentInnen und AbsolventInnen wertvolle p\u00e4dagogische Erfahrungen zu machen und Ihr erlerntes Wissen weiter zu geben. Der enge Kontakt zur fachlichen Leitung des Botanischen Gartens erm\u00f6glicht uns aktuelle Ereignisse in die F\u00fchrungen mit einzubeziehen.<br><\/p>\n\n\n\n<div style=\"height:21px\" aria-hidden=\"true\" class=\"wp-block-spacer\"><\/div>\n\n\n\n<p><strong>Zielgruppen<\/strong><\/p>\n\n\n\n<p class=\"has-small-font-size\">Alle Schulstufen<\/p>\n\n\n\n<ul class=\"wp-block-list\">\n<li class=\"has-small-font-size\">Primarstufe (Kindergarten &amp; Primarschule)<\/li>\n\n\n\n<li class=\"has-small-font-size\">Sekundarstufe l, (Sekundarschule)<\/li>\n\n\n\n<li class=\"has-small-font-size\">Sekundarstufe ll (Gymnasium und Andere)<\/li>\n<\/ul>\n\n\n\n<p class=\"has-small-font-size\">Sprach- und Sonderschulen<\/p>\n\n\n\n<ul class=\"wp-block-list\">\n<li class=\"has-small-font-size\">0-99 Jahre<\/li>\n<\/ul>\n\n\n\n<p class=\"has-small-font-size\">Private Kinder- &amp; Jugendgruppen<br><br><\/p>\n","protected":false},"excerpt":{"rendered":"<p>Seit 2005 bis heute hat die Gr\u00fcne Schule mit \u00fcber 900 F\u00fchrungen und mehr wie 14\u2019700 TeilnehmerInnen durch den Garten gef\u00fchrt. Pro Jahr sind dies im Durchschnitt 52 F\u00fchrungen. Seit eh und je bietet die Gr\u00fcne Schule sieben bis acht <a href=\"https:\/\/www.grueneschulebasel.ch\/wordpress\/home\/projekt-fuhrungen\/\"> Read more&#8230;<\/a><\/p>\n","protected":false},"author":4,"featured_media":0,"parent":6,"menu_order":0,"comment_status":"closed","ping_status":"closed","template":"","meta":{"footnotes":""},"class_list":["post-662","page","type-page","status-publish","hentry"],"_links":{"self":[{"href":"https:\/\/www.grueneschulebasel.ch\/wordpress\/wp-json\/wp\/v2\/pages\/662","targetHints":{"allow":["GET"]}}],"collection":[{"href":"https:\/\/www.grueneschulebasel.ch\/wordpress\/wp-json\/wp\/v2\/pages"}],"about":[{"href":"https:\/\/www.grueneschulebasel.ch\/wordpress\/wp-json\/wp\/v2\/types\/page"}],"author":[{"embeddable":true,"href":"https:\/\/www.grueneschulebasel.ch\/wordpress\/wp-json\/wp\/v2\/users\/4"}],"replies":[{"embeddable":true,"href":"https:\/\/www.grueneschulebasel.ch\/wordpress\/wp-json\/wp\/v2\/comments?post=662"}],"version-history":[{"count":15,"href":"https:\/\/www.grueneschulebasel.ch\/wordpress\/wp-json\/wp\/v2\/pages\/662\/revisions"}],"predecessor-version":[{"id":709,"href":"https:\/\/www.grueneschulebasel.ch\/wordpress\/wp-json\/wp\/v2\/pages\/662\/revisions\/709"}],"up":[{"embeddable":true,"href":"https:\/\/www.grueneschulebasel.ch\/wordpress\/wp-json\/wp\/v2\/pages\/6"}],"wp:attachment":[{"href":"https:\/\/www.grueneschulebasel.ch\/wordpress\/wp-json\/wp\/v2\/media?parent=662"}],"curies":[{"name":"wp","href":"https:\/\/api.w.org\/{rel}","templated":true}]}}