{"id":6,"date":"2015-05-22T11:21:39","date_gmt":"2015-05-22T11:21:39","guid":{"rendered":"http:\/\/www.grueneschulebasel.ch\/wordpress\/?page_id=6"},"modified":"2026-02-05T20:39:17","modified_gmt":"2026-02-05T20:39:17","slug":"home","status":"publish","type":"page","link":"https:\/\/www.grueneschulebasel.ch\/wordpress\/","title":{"rendered":"Home"},"content":{"rendered":"\n<div style=\"height:10px\" aria-hidden=\"true\" class=\"wp-block-spacer\"><\/div>\n\n\n\n<div id=\"metaslider-id-279\" style=\"max-width: 900px; margin: 0 auto;\" class=\"ml-slider-3-108-0 metaslider metaslider-flex metaslider-279 ml-slider ms-theme-simply-dark nav-hidden\" role=\"region\" aria-label=\"Impressionen aus den F\u00fchrungen\" data-height=\"400\" data-width=\"900\">\n    <div id=\"metaslider_container_279\">\n        <div id=\"metaslider_279\" class=\"flexslider\">\n            <ul class='slides'>\n                <li style=\"display: block; width: 100%;\" class=\"slide-292 ms-image \" aria-roledescription=\"slide\" data-date=\"2019-02-10 15:06:10\" data-filename=\"DSC_4938.jpg\" data-slide-type=\"image\"><img loading=\"lazy\" decoding=\"async\" width=\"3696\" height=\"2448\" src=\"https:\/\/www.grueneschulebasel.ch\/wordpress\/wp-content\/uploads\/2019\/02\/DSC_4938.jpg\" class=\"slider-279 slide-292 msDefaultImage\" alt=\"\" rel=\"\" title=\"DSC_4938\" srcset=\"https:\/\/www.grueneschulebasel.ch\/wordpress\/wp-content\/uploads\/2019\/02\/DSC_4938.jpg 3696w, https:\/\/www.grueneschulebasel.ch\/wordpress\/wp-content\/uploads\/2019\/02\/DSC_4938-300x199.jpg 300w, https:\/\/www.grueneschulebasel.ch\/wordpress\/wp-content\/uploads\/2019\/02\/DSC_4938-768x509.jpg 768w, https:\/\/www.grueneschulebasel.ch\/wordpress\/wp-content\/uploads\/2019\/02\/DSC_4938-1024x678.jpg 1024w\" sizes=\"auto, (max-width: 3696px) 100vw, 3696px\" \/><\/li>\n                <li style=\"display: none; width: 100%;\" class=\"slide-293 ms-image \" aria-roledescription=\"slide\" data-date=\"2019-02-10 15:06:10\" data-filename=\"DSC_4912.jpg\" data-slide-type=\"image\"><img loading=\"lazy\" decoding=\"async\" width=\"3696\" height=\"2448\" src=\"https:\/\/www.grueneschulebasel.ch\/wordpress\/wp-content\/uploads\/2019\/02\/DSC_4912.jpg\" class=\"slider-279 slide-293 msDefaultImage\" alt=\"\" rel=\"\" title=\"DSC_4912\" srcset=\"https:\/\/www.grueneschulebasel.ch\/wordpress\/wp-content\/uploads\/2019\/02\/DSC_4912.jpg 3696w, https:\/\/www.grueneschulebasel.ch\/wordpress\/wp-content\/uploads\/2019\/02\/DSC_4912-300x199.jpg 300w, https:\/\/www.grueneschulebasel.ch\/wordpress\/wp-content\/uploads\/2019\/02\/DSC_4912-768x509.jpg 768w, https:\/\/www.grueneschulebasel.ch\/wordpress\/wp-content\/uploads\/2019\/02\/DSC_4912-1024x678.jpg 1024w\" sizes=\"auto, (max-width: 3696px) 100vw, 3696px\" \/><\/li>\n                <li style=\"display: none; width: 100%;\" class=\"slide-294 ms-image \" aria-roledescription=\"slide\" data-date=\"2019-02-10 15:06:10\" data-filename=\"DSC_4911.jpg\" data-slide-type=\"image\"><img loading=\"lazy\" decoding=\"async\" width=\"3696\" height=\"2448\" src=\"https:\/\/www.grueneschulebasel.ch\/wordpress\/wp-content\/uploads\/2019\/02\/DSC_4911.jpg\" class=\"slider-279 slide-294 msDefaultImage\" alt=\"\" rel=\"\" title=\"DSC_4911\" srcset=\"https:\/\/www.grueneschulebasel.ch\/wordpress\/wp-content\/uploads\/2019\/02\/DSC_4911.jpg 3696w, https:\/\/www.grueneschulebasel.ch\/wordpress\/wp-content\/uploads\/2019\/02\/DSC_4911-300x199.jpg 300w, https:\/\/www.grueneschulebasel.ch\/wordpress\/wp-content\/uploads\/2019\/02\/DSC_4911-768x509.jpg 768w, https:\/\/www.grueneschulebasel.ch\/wordpress\/wp-content\/uploads\/2019\/02\/DSC_4911-1024x678.jpg 1024w\" sizes=\"auto, (max-width: 3696px) 100vw, 3696px\" \/><\/li>\n                <li style=\"display: none; width: 100%;\" class=\"slide-295 ms-image \" aria-roledescription=\"slide\" data-date=\"2019-02-10 15:06:10\" data-filename=\"DSC_4909.jpg\" data-slide-type=\"image\"><img loading=\"lazy\" decoding=\"async\" width=\"3696\" height=\"2448\" src=\"https:\/\/www.grueneschulebasel.ch\/wordpress\/wp-content\/uploads\/2019\/02\/DSC_4909.jpg\" class=\"slider-279 slide-295 msDefaultImage\" alt=\"\" rel=\"\" title=\"DSC_4909\" srcset=\"https:\/\/www.grueneschulebasel.ch\/wordpress\/wp-content\/uploads\/2019\/02\/DSC_4909.jpg 3696w, https:\/\/www.grueneschulebasel.ch\/wordpress\/wp-content\/uploads\/2019\/02\/DSC_4909-300x199.jpg 300w, https:\/\/www.grueneschulebasel.ch\/wordpress\/wp-content\/uploads\/2019\/02\/DSC_4909-768x509.jpg 768w, https:\/\/www.grueneschulebasel.ch\/wordpress\/wp-content\/uploads\/2019\/02\/DSC_4909-1024x678.jpg 1024w\" sizes=\"auto, (max-width: 3696px) 100vw, 3696px\" \/><\/li>\n                <li style=\"display: none; width: 100%;\" class=\"slide-296 ms-image \" aria-roledescription=\"slide\" data-date=\"2019-02-10 15:06:10\" data-filename=\"DSC_4875.jpg\" data-slide-type=\"image\"><img loading=\"lazy\" decoding=\"async\" width=\"3696\" height=\"2448\" src=\"https:\/\/www.grueneschulebasel.ch\/wordpress\/wp-content\/uploads\/2019\/02\/DSC_4875.jpg\" class=\"slider-279 slide-296 msDefaultImage\" alt=\"\" rel=\"\" title=\"DSC_4875\" srcset=\"https:\/\/www.grueneschulebasel.ch\/wordpress\/wp-content\/uploads\/2019\/02\/DSC_4875.jpg 3696w, https:\/\/www.grueneschulebasel.ch\/wordpress\/wp-content\/uploads\/2019\/02\/DSC_4875-300x199.jpg 300w, https:\/\/www.grueneschulebasel.ch\/wordpress\/wp-content\/uploads\/2019\/02\/DSC_4875-768x509.jpg 768w, https:\/\/www.grueneschulebasel.ch\/wordpress\/wp-content\/uploads\/2019\/02\/DSC_4875-1024x678.jpg 1024w\" sizes=\"auto, (max-width: 3696px) 100vw, 3696px\" \/><\/li>\n                <li style=\"display: none; width: 100%;\" class=\"slide-297 ms-image \" aria-roledescription=\"slide\" data-date=\"2019-02-10 15:06:10\" data-filename=\"DSC_4874.jpg\" data-slide-type=\"image\"><img loading=\"lazy\" decoding=\"async\" width=\"3696\" height=\"2448\" src=\"https:\/\/www.grueneschulebasel.ch\/wordpress\/wp-content\/uploads\/2019\/02\/DSC_4874.jpg\" class=\"slider-279 slide-297 msDefaultImage\" alt=\"\" rel=\"\" title=\"DSC_4874\" srcset=\"https:\/\/www.grueneschulebasel.ch\/wordpress\/wp-content\/uploads\/2019\/02\/DSC_4874.jpg 3696w, https:\/\/www.grueneschulebasel.ch\/wordpress\/wp-content\/uploads\/2019\/02\/DSC_4874-300x199.jpg 300w, https:\/\/www.grueneschulebasel.ch\/wordpress\/wp-content\/uploads\/2019\/02\/DSC_4874-768x509.jpg 768w, https:\/\/www.grueneschulebasel.ch\/wordpress\/wp-content\/uploads\/2019\/02\/DSC_4874-1024x678.jpg 1024w\" sizes=\"auto, (max-width: 3696px) 100vw, 3696px\" \/><\/li>\n                <li style=\"display: none; width: 100%;\" class=\"slide-298 ms-image \" aria-roledescription=\"slide\" data-date=\"2019-02-10 15:06:10\" data-filename=\"DSC_4752.jpg\" data-slide-type=\"image\"><img loading=\"lazy\" decoding=\"async\" width=\"3696\" height=\"2448\" src=\"https:\/\/www.grueneschulebasel.ch\/wordpress\/wp-content\/uploads\/2019\/02\/DSC_4752.jpg\" class=\"slider-279 slide-298 msDefaultImage\" alt=\"\" rel=\"\" title=\"DSC_4752\" srcset=\"https:\/\/www.grueneschulebasel.ch\/wordpress\/wp-content\/uploads\/2019\/02\/DSC_4752.jpg 3696w, https:\/\/www.grueneschulebasel.ch\/wordpress\/wp-content\/uploads\/2019\/02\/DSC_4752-300x199.jpg 300w, https:\/\/www.grueneschulebasel.ch\/wordpress\/wp-content\/uploads\/2019\/02\/DSC_4752-768x509.jpg 768w, https:\/\/www.grueneschulebasel.ch\/wordpress\/wp-content\/uploads\/2019\/02\/DSC_4752-1024x678.jpg 1024w\" sizes=\"auto, (max-width: 3696px) 100vw, 3696px\" \/><\/li>\n                <li style=\"display: none; width: 100%;\" class=\"slide-299 ms-image \" aria-roledescription=\"slide\" data-date=\"2019-02-10 15:06:10\" data-filename=\"DSC_4786.jpg\" data-slide-type=\"image\"><img loading=\"lazy\" decoding=\"async\" width=\"3696\" height=\"2448\" src=\"https:\/\/www.grueneschulebasel.ch\/wordpress\/wp-content\/uploads\/2019\/02\/DSC_4786.jpg\" class=\"slider-279 slide-299 msDefaultImage\" alt=\"\" rel=\"\" title=\"DSC_4786\" srcset=\"https:\/\/www.grueneschulebasel.ch\/wordpress\/wp-content\/uploads\/2019\/02\/DSC_4786.jpg 3696w, https:\/\/www.grueneschulebasel.ch\/wordpress\/wp-content\/uploads\/2019\/02\/DSC_4786-300x199.jpg 300w, https:\/\/www.grueneschulebasel.ch\/wordpress\/wp-content\/uploads\/2019\/02\/DSC_4786-768x509.jpg 768w, https:\/\/www.grueneschulebasel.ch\/wordpress\/wp-content\/uploads\/2019\/02\/DSC_4786-1024x678.jpg 1024w\" sizes=\"auto, (max-width: 3696px) 100vw, 3696px\" \/><\/li>\n                <li style=\"display: none; width: 100%;\" class=\"slide-300 ms-image \" aria-roledescription=\"slide\" data-date=\"2019-02-10 15:06:10\" data-filename=\"DSC_4812.jpg\" data-slide-type=\"image\"><img loading=\"lazy\" decoding=\"async\" width=\"3696\" height=\"2448\" src=\"https:\/\/www.grueneschulebasel.ch\/wordpress\/wp-content\/uploads\/2019\/02\/DSC_4812.jpg\" class=\"slider-279 slide-300 msDefaultImage\" alt=\"\" rel=\"\" title=\"DSC_4812\" srcset=\"https:\/\/www.grueneschulebasel.ch\/wordpress\/wp-content\/uploads\/2019\/02\/DSC_4812.jpg 3696w, https:\/\/www.grueneschulebasel.ch\/wordpress\/wp-content\/uploads\/2019\/02\/DSC_4812-300x199.jpg 300w, https:\/\/www.grueneschulebasel.ch\/wordpress\/wp-content\/uploads\/2019\/02\/DSC_4812-768x509.jpg 768w, https:\/\/www.grueneschulebasel.ch\/wordpress\/wp-content\/uploads\/2019\/02\/DSC_4812-1024x678.jpg 1024w\" sizes=\"auto, (max-width: 3696px) 100vw, 3696px\" \/><\/li>\n                <li style=\"display: none; width: 100%;\" class=\"slide-301 ms-image \" aria-roledescription=\"slide\" data-date=\"2019-02-10 15:06:10\" data-filename=\"DSC_4826.jpg\" data-slide-type=\"image\"><img loading=\"lazy\" decoding=\"async\" width=\"3696\" height=\"2448\" src=\"https:\/\/www.grueneschulebasel.ch\/wordpress\/wp-content\/uploads\/2019\/02\/DSC_4826.jpg\" class=\"slider-279 slide-301 msDefaultImage\" alt=\"\" rel=\"\" title=\"DSC_4826\" srcset=\"https:\/\/www.grueneschulebasel.ch\/wordpress\/wp-content\/uploads\/2019\/02\/DSC_4826.jpg 3696w, https:\/\/www.grueneschulebasel.ch\/wordpress\/wp-content\/uploads\/2019\/02\/DSC_4826-300x199.jpg 300w, https:\/\/www.grueneschulebasel.ch\/wordpress\/wp-content\/uploads\/2019\/02\/DSC_4826-768x509.jpg 768w, https:\/\/www.grueneschulebasel.ch\/wordpress\/wp-content\/uploads\/2019\/02\/DSC_4826-1024x678.jpg 1024w\" sizes=\"auto, (max-width: 3696px) 100vw, 3696px\" \/><\/li>\n                <li style=\"display: none; width: 100%;\" class=\"slide-302 ms-image \" aria-roledescription=\"slide\" data-date=\"2019-02-10 15:06:11\" data-filename=\"DSC_4835Kopieren.jpg\" data-slide-type=\"image\"><img loading=\"lazy\" decoding=\"async\" width=\"3696\" height=\"2448\" src=\"https:\/\/www.grueneschulebasel.ch\/wordpress\/wp-content\/uploads\/2019\/02\/DSC_4835Kopieren.jpg\" class=\"slider-279 slide-302 msDefaultImage\" alt=\"\" rel=\"\" title=\"DSC_4835Kopieren\" srcset=\"https:\/\/www.grueneschulebasel.ch\/wordpress\/wp-content\/uploads\/2019\/02\/DSC_4835Kopieren.jpg 3696w, https:\/\/www.grueneschulebasel.ch\/wordpress\/wp-content\/uploads\/2019\/02\/DSC_4835Kopieren-300x199.jpg 300w, https:\/\/www.grueneschulebasel.ch\/wordpress\/wp-content\/uploads\/2019\/02\/DSC_4835Kopieren-768x509.jpg 768w, https:\/\/www.grueneschulebasel.ch\/wordpress\/wp-content\/uploads\/2019\/02\/DSC_4835Kopieren-1024x678.jpg 1024w\" sizes=\"auto, (max-width: 3696px) 100vw, 3696px\" \/><\/li>\n                <li style=\"display: none; width: 100%;\" class=\"slide-303 ms-image \" aria-roledescription=\"slide\" data-date=\"2019-02-10 15:06:11\" data-filename=\"DSC_4841.jpg\" data-slide-type=\"image\"><img loading=\"lazy\" decoding=\"async\" width=\"3696\" height=\"2448\" src=\"https:\/\/www.grueneschulebasel.ch\/wordpress\/wp-content\/uploads\/2019\/02\/DSC_4841.jpg\" class=\"slider-279 slide-303 msDefaultImage\" alt=\"\" rel=\"\" title=\"DSC_4841\" srcset=\"https:\/\/www.grueneschulebasel.ch\/wordpress\/wp-content\/uploads\/2019\/02\/DSC_4841.jpg 3696w, https:\/\/www.grueneschulebasel.ch\/wordpress\/wp-content\/uploads\/2019\/02\/DSC_4841-300x199.jpg 300w, https:\/\/www.grueneschulebasel.ch\/wordpress\/wp-content\/uploads\/2019\/02\/DSC_4841-768x509.jpg 768w, https:\/\/www.grueneschulebasel.ch\/wordpress\/wp-content\/uploads\/2019\/02\/DSC_4841-1024x678.jpg 1024w\" sizes=\"auto, (max-width: 3696px) 100vw, 3696px\" \/><\/li>\n            <\/ul>\n        <\/div>\n        \n    <\/div>\n<\/div>\n\n\n\n<div style=\"height:40px\" aria-hidden=\"true\" class=\"wp-block-spacer\"><\/div>\n\n\n\n<p class=\"has-text-align-center\">Infos zu F\u00fchrungen in <a href=\"https:\/\/www.grueneschulebasel.ch\/fuhrungskonzepte\/\" data-type=\"page\" data-id=\"8\">F\u00fchrungskonzepte<\/a><\/p>\n\n\n\n<p class=\"has-text-align-center\">F\u00fchrung buchen im <a href=\"https:\/\/www.grueneschulebasel.ch\/kontaktformular\/\" data-type=\"page\" data-id=\"35\">Kontaktformular<\/a><\/p>\n\n\n\n<div style=\"height:40px\" aria-hidden=\"true\" class=\"wp-block-spacer\"><\/div>\n\n\n\n<figure class=\"wp-block-embed is-type-video is-provider-youtube wp-block-embed-youtube wp-embed-aspect-16-9 wp-has-aspect-ratio\"><div class=\"wp-block-embed__wrapper\">\n<iframe loading=\"lazy\" title=\"Portr\u00e4t: Gr\u00fcne Schule \u2013 Pflanzenwissen zum Anfassen\" width=\"730\" height=\"411\" src=\"https:\/\/www.youtube.com\/embed\/HTrhTzJp6z8?feature=oembed\" frameborder=\"0\" allow=\"accelerometer; autoplay; clipboard-write; encrypted-media; gyroscope; picture-in-picture; web-share\" referrerpolicy=\"strict-origin-when-cross-origin\" allowfullscreen><\/iframe>\n<\/div><\/figure>\n\n\n\n<div style=\"height:20px\" aria-hidden=\"true\" class=\"wp-block-spacer\"><\/div>\n\n\n\n<p><strong>Finanzierung<\/strong><\/p>\n\n\n\n<p>Unsere F\u00fchrungen k\u00f6nnen wir nur kostenlos f\u00fcr Schulklassen anbieten dank der Hilfe unserer Sponsoren! <br>Wir werden durch folgende Stiftungen und Organisationen unterst\u00fctzt:<\/p>\n\n\n\n<ul class=\"wp-block-list\">\n<li>Fondation de Bienfaisance Jeanne Lovioz <\/li>\n\n\n\n<li>Stiftung zur F\u00f6rderung der Lebensqualit\u00e4t der Region Basel <\/li>\n\n\n\n<li>Stiftung zur F\u00f6rderung der Pflanzenkenntnis <\/li>\n\n\n\n<li>GGG Basel<\/li>\n<\/ul>\n\n\n\n<\/p>\n<div class=\"spender_logos\"><a href=\"http:\/\/fondationlovioz.ch\/\" target=\"_blank\" rel=\"noopener noreferrer\"><img loading=\"lazy\" decoding=\"async\" class=\"alignnone wp-image-57\" src=\"https:\/\/www.grueneschulebasel.ch\/wordpress\/wp-content\/uploads\/2020\/08\/lovioz.png\" alt=\"lovioz-logo-web\" width=\"160\" height=\"60\"><\/a>\n<a href=\"http:\/\/www.ggg-basel.ch\/\" target=\"_blank\" rel=\"noopener noreferrer\"><img loading=\"lazy\" decoding=\"async\" class=\"alignnone wp-image-57\" src=\"https:\/\/www.grueneschulebasel.ch\/wordpress\/wp-content\/uploads\/2015\/05\/GGG-logo-web.jpg\" alt=\"GGG-logo-web\" width=\"160\" height=\"116\"><\/a><a href=\"https:\/\/stiftung-pflanzenkenntnis.ch\/\" target=\"_blank\" rel=\"noopener noreferrer\"><img loading=\"lazy\" decoding=\"async\" class=\"alignnone wp-image-59\" src=\"https:\/\/www.grueneschulebasel.ch\/wordpress\/wp-content\/uploads\/2015\/05\/Signet_Stiftung_gross-300x275.jpg\" alt=\"Signet_Stiftung_gross\" width=\"126\" height=\"115\" srcset=\"https:\/\/www.grueneschulebasel.ch\/wordpress\/wp-content\/uploads\/2015\/05\/Signet_Stiftung_gross-300x275.jpg 300w, https:\/\/www.grueneschulebasel.ch\/wordpress\/wp-content\/uploads\/2015\/05\/Signet_Stiftung_gross.jpg 367w\" sizes=\"auto, (max-width: 126px) 100vw, 126px\" \/><\/a><a\n\n\n\n<p>Damit wir unser Angebot weiterhin erhalten k\u00f6nnen, sind wir froh um Ihre Unterst\u00fctzung! <br>Spenden an Postkonto: 40-732300-1, Gr\u00fcne Schule, 4000 Basel<\/p>\n","protected":false},"excerpt":{"rendered":"<p>Infos zu F\u00fchrungen in F\u00fchrungskonzepte F\u00fchrung buchen im Kontaktformular Finanzierung Unsere F\u00fchrungen k\u00f6nnen wir nur kostenlos f\u00fcr Schulklassen anbieten dank der Hilfe unserer Sponsoren! Wir werden durch folgende Stiftungen und Organisationen unterst\u00fctzt:<\/p>\n","protected":false},"author":1,"featured_media":0,"parent":0,"menu_order":0,"comment_status":"closed","ping_status":"closed","template":"","meta":{"footnotes":""},"class_list":["post-6","page","type-page","status-publish","hentry"],"_links":{"self":[{"href":"https:\/\/www.grueneschulebasel.ch\/wordpress\/wp-json\/wp\/v2\/pages\/6","targetHints":{"allow":["GET"]}}],"collection":[{"href":"https:\/\/www.grueneschulebasel.ch\/wordpress\/wp-json\/wp\/v2\/pages"}],"about":[{"href":"https:\/\/www.grueneschulebasel.ch\/wordpress\/wp-json\/wp\/v2\/types\/page"}],"author":[{"embeddable":true,"href":"https:\/\/www.grueneschulebasel.ch\/wordpress\/wp-json\/wp\/v2\/users\/1"}],"replies":[{"embeddable":true,"href":"https:\/\/www.grueneschulebasel.ch\/wordpress\/wp-json\/wp\/v2\/comments?post=6"}],"version-history":[{"count":127,"href":"https:\/\/www.grueneschulebasel.ch\/wordpress\/wp-json\/wp\/v2\/pages\/6\/revisions"}],"predecessor-version":[{"id":739,"href":"https:\/\/www.grueneschulebasel.ch\/wordpress\/wp-json\/wp\/v2\/pages\/6\/revisions\/739"}],"wp:attachment":[{"href":"https:\/\/www.grueneschulebasel.ch\/wordpress\/wp-json\/wp\/v2\/media?parent=6"}],"curies":[{"name":"wp","href":"https:\/\/api.w.org\/{rel}","templated":true}]}}