{"id":365,"date":"2020-03-09T21:09:38","date_gmt":"2020-03-09T21:09:38","guid":{"rendered":"http:\/\/www.grueneschulebasel.ch\/?page_id=365"},"modified":"2024-05-15T08:05:23","modified_gmt":"2024-05-15T08:05:23","slug":"baumfuehrung","status":"publish","type":"page","link":"https:\/\/www.grueneschulebasel.ch\/wordpress\/fuhrungskonzepte\/baumfuehrung\/","title":{"rendered":"Baumf\u00fchrung"},"content":{"rendered":"\n<div class=\"wp-block-columns is-layout-flex wp-container-core-columns-is-layout-9d6595d7 wp-block-columns-is-layout-flex\">\n<div class=\"wp-block-column is-layout-flow wp-block-column-is-layout-flow\" style=\"flex-basis:33%\">\n<figure class=\"wp-block-image size-large\"><img loading=\"lazy\" decoding=\"async\" width=\"727\" height=\"1024\" src=\"https:\/\/www.grueneschulebasel.ch\/wordpress\/wp-content\/uploads\/2020\/03\/index-727x1024.png\" alt=\"\" class=\"wp-image-368\" srcset=\"https:\/\/www.grueneschulebasel.ch\/wordpress\/wp-content\/uploads\/2020\/03\/index-727x1024.png 727w, https:\/\/www.grueneschulebasel.ch\/wordpress\/wp-content\/uploads\/2020\/03\/index-213x300.png 213w, https:\/\/www.grueneschulebasel.ch\/wordpress\/wp-content\/uploads\/2020\/03\/index-768x1081.png 768w, https:\/\/www.grueneschulebasel.ch\/wordpress\/wp-content\/uploads\/2020\/03\/index.png 909w\" sizes=\"auto, (max-width: 727px) 100vw, 727px\" \/><\/figure>\n<\/div>\n\n\n\n<div class=\"wp-block-column is-layout-flow wp-block-column-is-layout-flow\" style=\"flex-basis:67%\">\n<p>Warum fallen B\u00e4ume im Sturm nicht um? Warum k\u00f6nnen B\u00e4ume<br>nicht unendlich in die H\u00f6he wachsen? Wie alt sind wohl die \u00e4ltesten B\u00e4ume im Botanischen Garten Basel?<\/p>\n\n\n\n<p>B\u00e4ume k\u00f6nnen imposant gross werden oder aber auch klein und zierlich bleiben. Kronen, Bl\u00e4tter, St\u00e4mme und Wurzeln k\u00f6nnen eindr\u00fcckliche Formen annehmen. Das alles schauen wir in dieser F\u00fchrung an. <\/p>\n\n\n\n<p><\/p>\n\n\n\n<p class=\"has-medium-font-size\"><em>F\u00fcr alle Schulstufen geeignet<\/em><\/p>\n<\/div>\n<\/div>\n","protected":false},"excerpt":{"rendered":"<p>Warum fallen B\u00e4ume im Sturm nicht um? Warum k\u00f6nnen B\u00e4umenicht unendlich in die H\u00f6he wachsen? Wie alt sind wohl die \u00e4ltesten B\u00e4ume im Botanischen Garten Basel? B\u00e4ume k\u00f6nnen imposant gross werden oder aber auch klein und zierlich bleiben. Kronen, Bl\u00e4tter, <a href=\"https:\/\/www.grueneschulebasel.ch\/wordpress\/fuhrungskonzepte\/baumfuehrung\/\"> Read more&#8230;<\/a><\/p>\n","protected":false},"author":1,"featured_media":0,"parent":8,"menu_order":0,"comment_status":"closed","ping_status":"closed","template":"","meta":{"footnotes":""},"class_list":["post-365","page","type-page","status-publish","hentry"],"_links":{"self":[{"href":"https:\/\/www.grueneschulebasel.ch\/wordpress\/wp-json\/wp\/v2\/pages\/365","targetHints":{"allow":["GET"]}}],"collection":[{"href":"https:\/\/www.grueneschulebasel.ch\/wordpress\/wp-json\/wp\/v2\/pages"}],"about":[{"href":"https:\/\/www.grueneschulebasel.ch\/wordpress\/wp-json\/wp\/v2\/types\/page"}],"author":[{"embeddable":true,"href":"https:\/\/www.grueneschulebasel.ch\/wordpress\/wp-json\/wp\/v2\/users\/1"}],"replies":[{"embeddable":true,"href":"https:\/\/www.grueneschulebasel.ch\/wordpress\/wp-json\/wp\/v2\/comments?post=365"}],"version-history":[{"count":17,"href":"https:\/\/www.grueneschulebasel.ch\/wordpress\/wp-json\/wp\/v2\/pages\/365\/revisions"}],"predecessor-version":[{"id":569,"href":"https:\/\/www.grueneschulebasel.ch\/wordpress\/wp-json\/wp\/v2\/pages\/365\/revisions\/569"}],"up":[{"embeddable":true,"href":"https:\/\/www.grueneschulebasel.ch\/wordpress\/wp-json\/wp\/v2\/pages\/8"}],"wp:attachment":[{"href":"https:\/\/www.grueneschulebasel.ch\/wordpress\/wp-json\/wp\/v2\/media?parent=365"}],"curies":[{"name":"wp","href":"https:\/\/api.w.org\/{rel}","templated":true}]}}