{"id":35,"date":"2015-05-22T12:17:31","date_gmt":"2015-05-22T12:17:31","guid":{"rendered":"http:\/\/www.grueneschulebasel.ch\/wordpress\/?page_id=35"},"modified":"2024-05-20T15:16:06","modified_gmt":"2024-05-20T15:16:06","slug":"kontaktformular","status":"publish","type":"page","link":"https:\/\/www.grueneschulebasel.ch\/wordpress\/kontaktformular\/","title":{"rendered":"Kontaktformular"},"content":{"rendered":"<p>Bitte melden Sie sich mindestens zwei Wochen vorher an, damit wir genug Zeit haben, GartenlehrerInnen f\u00fcr das von Ihnen gew\u00fcnschte Datum zu finden.<\/p>\n<p>F\u00fcr sonstige Fragen oder R\u00fcckmeldungen benutzen Sie bitte auch das Kontaktformular. Wenden sie sich bei Fragen betreffend der Gr\u00fcnen Schule <strong>NICHT<\/strong> direkt an den Botanischen Garten Basel, da die Administration der Gr\u00fcnen Schule unabh\u00e4ngig von diesem l\u00e4uft.<\/p>\n\n<div class=\"wpcf7 no-js\" id=\"wpcf7-f34-o1\" lang=\"en-US\" dir=\"ltr\" data-wpcf7-id=\"34\">\n<div class=\"screen-reader-response\"><p role=\"status\" aria-live=\"polite\" aria-atomic=\"true\"><\/p> <ul><\/ul><\/div>\n<form action=\"\/wordpress\/wp-json\/wp\/v2\/pages\/35#wpcf7-f34-o1\" method=\"post\" class=\"wpcf7-form init\" aria-label=\"Contact form\" novalidate=\"novalidate\" data-status=\"init\">\n<fieldset class=\"hidden-fields-container\"><input type=\"hidden\" name=\"_wpcf7\" value=\"34\" \/><input type=\"hidden\" name=\"_wpcf7_version\" value=\"6.1.5\" \/><input type=\"hidden\" name=\"_wpcf7_locale\" value=\"en_US\" \/><input type=\"hidden\" name=\"_wpcf7_unit_tag\" value=\"wpcf7-f34-o1\" \/><input type=\"hidden\" name=\"_wpcf7_container_post\" value=\"0\" \/><input type=\"hidden\" name=\"_wpcf7_posted_data_hash\" value=\"\" \/><input type=\"hidden\" name=\"_wpcf7_recaptcha_response\" value=\"\" \/>\n<\/fieldset>\n<p>Vorname, Name\n<\/p>\n<p><span class=\"wpcf7-form-control-wrap\" data-name=\"your-name\"><input size=\"40\" maxlength=\"400\" class=\"wpcf7-form-control wpcf7-text wpcf7-validates-as-required\" aria-required=\"true\" aria-invalid=\"false\" value=\"\" type=\"text\" name=\"your-name\" \/><\/span>\n<\/p>\n<p>Schule\/Firma\n<\/p>\n<p><span class=\"wpcf7-form-control-wrap\" data-name=\"schule\"><input size=\"40\" maxlength=\"400\" class=\"wpcf7-form-control wpcf7-text\" aria-invalid=\"false\" value=\"\" type=\"text\" name=\"schule\" \/><\/span>\n<\/p>\n<p>Strasse, Nr.\n<\/p>\n<p><span class=\"wpcf7-form-control-wrap\" data-name=\"str\"><input size=\"40\" maxlength=\"400\" class=\"wpcf7-form-control wpcf7-text\" aria-invalid=\"false\" value=\"\" type=\"text\" name=\"str\" \/><\/span>\n<\/p>\n<p>PLZ, Ort.\n<\/p>\n<p><span class=\"wpcf7-form-control-wrap\" data-name=\"plz\"><input size=\"40\" maxlength=\"400\" class=\"wpcf7-form-control wpcf7-text\" aria-invalid=\"false\" value=\"\" type=\"text\" name=\"plz\" \/><\/span>\n<\/p>\n<p>Telefon.\n<\/p>\n<p><span class=\"wpcf7-form-control-wrap\" data-name=\"tel\"><input size=\"40\" maxlength=\"400\" class=\"wpcf7-form-control wpcf7-text\" aria-invalid=\"false\" value=\"\" type=\"text\" name=\"tel\" \/><\/span>\n<\/p>\n<p>E-Mail Adresse\n<\/p>\n<p><span class=\"wpcf7-form-control-wrap\" data-name=\"email\"><input size=\"40\" maxlength=\"400\" class=\"wpcf7-form-control wpcf7-email wpcf7-validates-as-required wpcf7-text wpcf7-validates-as-email\" aria-required=\"true\" aria-invalid=\"false\" value=\"\" type=\"email\" name=\"email\" \/><\/span>\n<\/p>\n<p>Schulstufe.\n<\/p>\n<p><span class=\"wpcf7-form-control-wrap\" data-name=\"stufe\"><input size=\"40\" maxlength=\"400\" class=\"wpcf7-form-control wpcf7-text\" aria-invalid=\"false\" value=\"\" type=\"text\" name=\"stufe\" \/><\/span>\n<\/p>\n<p>Alter der Sch\u00fcler.\n<\/p>\n<p><span class=\"wpcf7-form-control-wrap\" data-name=\"alter\"><input size=\"40\" maxlength=\"400\" class=\"wpcf7-form-control wpcf7-text wpcf7-validates-as-required\" aria-required=\"true\" aria-invalid=\"false\" value=\"\" type=\"text\" name=\"alter\" \/><\/span>\n<\/p>\n<p>Anzahl Sch\u00fcler.\n<\/p>\n<p><span class=\"wpcf7-form-control-wrap\" data-name=\"anzahl\"><input size=\"40\" maxlength=\"400\" class=\"wpcf7-form-control wpcf7-text wpcf7-validates-as-required\" aria-required=\"true\" aria-invalid=\"false\" value=\"\" type=\"text\" name=\"anzahl\" \/><\/span>\n<\/p>\n<p>Gew\u00fcnschtes F\u00fchrungsthema.\n<\/p>\n<p><span class=\"wpcf7-form-control-wrap\" data-name=\"thema\"><input size=\"40\" maxlength=\"400\" class=\"wpcf7-form-control wpcf7-text wpcf7-validates-as-required\" aria-required=\"true\" aria-invalid=\"false\" value=\"\" type=\"text\" name=\"thema\" \/><\/span>\n<\/p>\n<p>Gew\u00fcnschter Termin.\n<\/p>\n<p><span class=\"wpcf7-form-control-wrap\" data-name=\"termin\"><input size=\"40\" maxlength=\"400\" class=\"wpcf7-form-control wpcf7-text wpcf7-validates-as-required\" aria-required=\"true\" aria-invalid=\"false\" value=\"\" type=\"text\" name=\"termin\" \/><\/span>\n<\/p>\n<p>Zeit.\n<\/p>\n<p><span class=\"wpcf7-form-control-wrap\" data-name=\"zeit\"><input size=\"40\" maxlength=\"400\" class=\"wpcf7-form-control wpcf7-text wpcf7-validates-as-required\" aria-required=\"true\" aria-invalid=\"false\" value=\"\" type=\"text\" name=\"zeit\" \/><\/span>\n<\/p>\n<p>Bemerkung\n<\/p>\n<p><span class=\"wpcf7-form-control-wrap\" data-name=\"your-message\"><textarea cols=\"40\" rows=\"10\" maxlength=\"2000\" class=\"wpcf7-form-control wpcf7-textarea\" aria-invalid=\"false\" name=\"your-message\"><\/textarea><\/span>\n<\/p>\n<p><input class=\"wpcf7-form-control wpcf7-submit has-spinner\" type=\"submit\" value=\"Senden\" \/>\n<\/p><div class=\"wpcf7-response-output\" aria-hidden=\"true\"><\/div>\n<\/form>\n<\/div>\n\n<p>Mit dem Absenden des Kontaktformular best\u00e4tigen Sie, dass Sie einverstanden mit der <a href=\"https:\/\/www.grueneschulebasel.ch\/wordpress\/impressum\/\" target=\"_blank\" rel=\"noopener noreferrer\"> Datenschutzerkl\u00e4rung<\/a> sind.<\/p>\n","protected":false},"excerpt":{"rendered":"<p>Bitte melden Sie sich mindestens zwei Wochen vorher an, damit wir genug Zeit haben, GartenlehrerInnen f\u00fcr das von Ihnen gew\u00fcnschte Datum zu finden. F\u00fcr sonstige Fragen oder R\u00fcckmeldungen benutzen Sie bitte auch das Kontaktformular. Wenden sie sich bei Fragen betreffend <a href=\"https:\/\/www.grueneschulebasel.ch\/wordpress\/kontaktformular\/\"> Read more&#8230;<\/a><\/p>\n","protected":false},"author":1,"featured_media":0,"parent":0,"menu_order":0,"comment_status":"closed","ping_status":"closed","template":"","meta":{"footnotes":""},"class_list":["post-35","page","type-page","status-publish","hentry"],"_links":{"self":[{"href":"https:\/\/www.grueneschulebasel.ch\/wordpress\/wp-json\/wp\/v2\/pages\/35","targetHints":{"allow":["GET"]}}],"collection":[{"href":"https:\/\/www.grueneschulebasel.ch\/wordpress\/wp-json\/wp\/v2\/pages"}],"about":[{"href":"https:\/\/www.grueneschulebasel.ch\/wordpress\/wp-json\/wp\/v2\/types\/page"}],"author":[{"embeddable":true,"href":"https:\/\/www.grueneschulebasel.ch\/wordpress\/wp-json\/wp\/v2\/users\/1"}],"replies":[{"embeddable":true,"href":"https:\/\/www.grueneschulebasel.ch\/wordpress\/wp-json\/wp\/v2\/comments?post=35"}],"version-history":[{"count":8,"href":"https:\/\/www.grueneschulebasel.ch\/wordpress\/wp-json\/wp\/v2\/pages\/35\/revisions"}],"predecessor-version":[{"id":717,"href":"https:\/\/www.grueneschulebasel.ch\/wordpress\/wp-json\/wp\/v2\/pages\/35\/revisions\/717"}],"wp:attachment":[{"href":"https:\/\/www.grueneschulebasel.ch\/wordpress\/wp-json\/wp\/v2\/media?parent=35"}],"curies":[{"name":"wp","href":"https:\/\/api.w.org\/{rel}","templated":true}]}}