{"id":32,"date":"2015-05-22T11:55:14","date_gmt":"2015-05-22T11:55:14","guid":{"rendered":"http:\/\/www.grueneschulebasel.ch\/wordpress\/?page_id=32"},"modified":"2024-05-15T09:39:37","modified_gmt":"2024-05-15T09:39:37","slug":"kindergeburtstag","status":"publish","type":"page","link":"https:\/\/www.grueneschulebasel.ch\/wordpress\/kindergeburtstag\/","title":{"rendered":"Kindergeburtstag"},"content":{"rendered":"<p><a href=\"https:\/\/www.grueneschulebasel.ch\/wordpress\/wp-content\/uploads\/2019\/02\/DSC_4874.jpg\"><img loading=\"lazy\" decoding=\"async\" class=\"size-medium wp-image-286 alignleft\" src=\"https:\/\/www.grueneschulebasel.ch\/wordpress\/wp-content\/uploads\/2019\/02\/DSC_4874-300x199.jpg\" alt=\"\" width=\"300\" height=\"199\" srcset=\"https:\/\/www.grueneschulebasel.ch\/wordpress\/wp-content\/uploads\/2019\/02\/DSC_4874-300x199.jpg 300w, https:\/\/www.grueneschulebasel.ch\/wordpress\/wp-content\/uploads\/2019\/02\/DSC_4874-768x509.jpg 768w, https:\/\/www.grueneschulebasel.ch\/wordpress\/wp-content\/uploads\/2019\/02\/DSC_4874-1024x678.jpg 1024w, https:\/\/www.grueneschulebasel.ch\/wordpress\/wp-content\/uploads\/2019\/02\/DSC_4874-900x600.jpg 900w, https:\/\/www.grueneschulebasel.ch\/wordpress\/wp-content\/uploads\/2019\/02\/DSC_4874-620x413.jpg 620w, https:\/\/www.grueneschulebasel.ch\/wordpress\/wp-content\/uploads\/2019\/02\/DSC_4874-400x267.jpg 400w\" sizes=\"auto, (max-width: 300px) 100vw, 300px\" \/><\/a>Suchen Sie eine gute Idee f\u00fcr einen Kindergeburtstag? Soll der Kindergeburtstag ein spezielles Erlebnis f\u00fcr ihr Kind werden? Dann feiern Sie den Kindergeburtstag mit der Gr\u00fcnen Schule Basel. Besonders geeignet f\u00fcr j\u00fcngere Kinder ist die F\u00fchrung <em>Hexerei im Kr\u00e4utergarten<\/em> und <em>Sinnessafari<\/em>.<br \/>\nIm botanischen Garten k\u00f6nnen keine Geburtstagsparties mit Tee und Kuchen\u00a0 gefeiert werden. Wer dies anschliessend tun m\u00f6chte, empfehlen wir bei trockenem Wetter den angrenzenden Petersplatz.<\/p>\n<p><a href=\"https:\/\/www.grueneschulebasel.ch\/wordpress\/wp-content\/uploads\/2019\/02\/DSC_4938.jpg\"><img loading=\"lazy\" decoding=\"async\" class=\"size-medium wp-image-291 alignleft\" src=\"https:\/\/www.grueneschulebasel.ch\/wordpress\/wp-content\/uploads\/2019\/02\/DSC_4938-300x199.jpg\" alt=\"\" width=\"300\" height=\"199\" srcset=\"https:\/\/www.grueneschulebasel.ch\/wordpress\/wp-content\/uploads\/2019\/02\/DSC_4938-300x199.jpg 300w, https:\/\/www.grueneschulebasel.ch\/wordpress\/wp-content\/uploads\/2019\/02\/DSC_4938-768x509.jpg 768w, https:\/\/www.grueneschulebasel.ch\/wordpress\/wp-content\/uploads\/2019\/02\/DSC_4938-1024x678.jpg 1024w, https:\/\/www.grueneschulebasel.ch\/wordpress\/wp-content\/uploads\/2019\/02\/DSC_4938-900x600.jpg 900w, https:\/\/www.grueneschulebasel.ch\/wordpress\/wp-content\/uploads\/2019\/02\/DSC_4938-620x413.jpg 620w, https:\/\/www.grueneschulebasel.ch\/wordpress\/wp-content\/uploads\/2019\/02\/DSC_4938-400x267.jpg 400w\" sizes=\"auto, (max-width: 300px) 100vw, 300px\" \/><\/a>Eine F\u00fchrung f\u00fcr private Kindergruppen kostet Fr. 160.-.<br \/>\nDie Teilnehmerzahl ist beschr\u00e4nkt. Es k\u00f6nnen maximal 12 Kinder teilnehmen, ansonsten verdoppelt sich der Preis.<\/p>\n","protected":false},"excerpt":{"rendered":"<p>Suchen Sie eine gute Idee f\u00fcr einen Kindergeburtstag? Soll der Kindergeburtstag ein spezielles Erlebnis f\u00fcr ihr Kind werden? Dann feiern Sie den Kindergeburtstag mit der Gr\u00fcnen Schule Basel. Besonders geeignet f\u00fcr j\u00fcngere Kinder ist die F\u00fchrung Hexerei im Kr\u00e4utergarten und <a href=\"https:\/\/www.grueneschulebasel.ch\/wordpress\/kindergeburtstag\/\"> Read more&#8230;<\/a><\/p>\n","protected":false},"author":1,"featured_media":0,"parent":0,"menu_order":0,"comment_status":"closed","ping_status":"closed","template":"","meta":{"footnotes":""},"class_list":["post-32","page","type-page","status-publish","hentry"],"_links":{"self":[{"href":"https:\/\/www.grueneschulebasel.ch\/wordpress\/wp-json\/wp\/v2\/pages\/32","targetHints":{"allow":["GET"]}}],"collection":[{"href":"https:\/\/www.grueneschulebasel.ch\/wordpress\/wp-json\/wp\/v2\/pages"}],"about":[{"href":"https:\/\/www.grueneschulebasel.ch\/wordpress\/wp-json\/wp\/v2\/types\/page"}],"author":[{"embeddable":true,"href":"https:\/\/www.grueneschulebasel.ch\/wordpress\/wp-json\/wp\/v2\/users\/1"}],"replies":[{"embeddable":true,"href":"https:\/\/www.grueneschulebasel.ch\/wordpress\/wp-json\/wp\/v2\/comments?post=32"}],"version-history":[{"count":9,"href":"https:\/\/www.grueneschulebasel.ch\/wordpress\/wp-json\/wp\/v2\/pages\/32\/revisions"}],"predecessor-version":[{"id":611,"href":"https:\/\/www.grueneschulebasel.ch\/wordpress\/wp-json\/wp\/v2\/pages\/32\/revisions\/611"}],"wp:attachment":[{"href":"https:\/\/www.grueneschulebasel.ch\/wordpress\/wp-json\/wp\/v2\/media?parent=32"}],"curies":[{"name":"wp","href":"https:\/\/api.w.org\/{rel}","templated":true}]}}