{"id":28,"date":"2015-05-22T11:49:03","date_gmt":"2015-05-22T11:49:03","guid":{"rendered":"http:\/\/www.grueneschulebasel.ch\/wordpress\/?page_id=28"},"modified":"2024-05-15T08:49:31","modified_gmt":"2024-05-15T08:49:31","slug":"sinnessafari","status":"publish","type":"page","link":"https:\/\/www.grueneschulebasel.ch\/wordpress\/fuhrungskonzepte\/sinnessafari\/","title":{"rendered":"Sinnessafari"},"content":{"rendered":"<p><strong><a href=\"https:\/\/www.grueneschulebasel.ch\/wordpress\/wp-content\/uploads\/2018\/07\/DSC_0165-e1531663285450.jpg\"><img loading=\"lazy\" decoding=\"async\" class=\"wp-image-164 alignleft\" src=\"https:\/\/www.grueneschulebasel.ch\/wordpress\/wp-content\/uploads\/2018\/07\/DSC_0165-e1531663285450.jpg\" alt=\"\" width=\"337\" height=\"507\" srcset=\"https:\/\/www.grueneschulebasel.ch\/wordpress\/wp-content\/uploads\/2018\/07\/DSC_0165-e1531663285450.jpg 565w, https:\/\/www.grueneschulebasel.ch\/wordpress\/wp-content\/uploads\/2018\/07\/DSC_0165-e1531663285450-199x300.jpg 199w\" sizes=\"auto, (max-width: 337px) 100vw, 337px\" \/><\/a><\/strong>Alle Sinne werden gebraucht, um die Pflanzenwelt zu erforschen und zu entdecken. K\u00f6nnen wir Besonderheiten an Pflanzen wahrnehmen, wenn wir an ihnen riechen, sie ber\u00fchren oder sogar probieren? K\u00f6nnen wir Pflanzen h\u00f6ren?<br \/>\nWer seine Sinne einsetzt, erh\u00e4lt im Botanischen Garten Zugang zu einer spannenden und geheimnisvollen Welt. Bei verschiedenen Aktivit\u00e4ten und Spielen werden die Sinne gesch\u00e4rft und gleichzeitig Kopf, Hand und Herz angesprochen.<\/p>\n<p><em>F\u00fcr Unterstufe geeignet.<\/em><\/p>\n","protected":false},"excerpt":{"rendered":"<p>Alle Sinne werden gebraucht, um die Pflanzenwelt zu erforschen und zu entdecken. K\u00f6nnen wir Besonderheiten an Pflanzen wahrnehmen, wenn wir an ihnen riechen, sie ber\u00fchren oder sogar probieren? K\u00f6nnen wir Pflanzen h\u00f6ren? Wer seine Sinne einsetzt, erh\u00e4lt im Botanischen Garten <a href=\"https:\/\/www.grueneschulebasel.ch\/wordpress\/fuhrungskonzepte\/sinnessafari\/\"> Read more&#8230;<\/a><\/p>\n","protected":false},"author":1,"featured_media":0,"parent":8,"menu_order":1,"comment_status":"closed","ping_status":"closed","template":"","meta":{"footnotes":""},"class_list":["post-28","page","type-page","status-publish","hentry"],"_links":{"self":[{"href":"https:\/\/www.grueneschulebasel.ch\/wordpress\/wp-json\/wp\/v2\/pages\/28","targetHints":{"allow":["GET"]}}],"collection":[{"href":"https:\/\/www.grueneschulebasel.ch\/wordpress\/wp-json\/wp\/v2\/pages"}],"about":[{"href":"https:\/\/www.grueneschulebasel.ch\/wordpress\/wp-json\/wp\/v2\/types\/page"}],"author":[{"embeddable":true,"href":"https:\/\/www.grueneschulebasel.ch\/wordpress\/wp-json\/wp\/v2\/users\/1"}],"replies":[{"embeddable":true,"href":"https:\/\/www.grueneschulebasel.ch\/wordpress\/wp-json\/wp\/v2\/comments?post=28"}],"version-history":[{"count":8,"href":"https:\/\/www.grueneschulebasel.ch\/wordpress\/wp-json\/wp\/v2\/pages\/28\/revisions"}],"predecessor-version":[{"id":594,"href":"https:\/\/www.grueneschulebasel.ch\/wordpress\/wp-json\/wp\/v2\/pages\/28\/revisions\/594"}],"up":[{"embeddable":true,"href":"https:\/\/www.grueneschulebasel.ch\/wordpress\/wp-json\/wp\/v2\/pages\/8"}],"wp:attachment":[{"href":"https:\/\/www.grueneschulebasel.ch\/wordpress\/wp-json\/wp\/v2\/media?parent=28"}],"curies":[{"name":"wp","href":"https:\/\/api.w.org\/{rel}","templated":true}]}}