{"id":26,"date":"2015-05-22T11:39:05","date_gmt":"2015-05-22T11:39:05","guid":{"rendered":"http:\/\/www.grueneschulebasel.ch\/wordpress\/?page_id=26"},"modified":"2024-05-17T15:40:55","modified_gmt":"2024-05-17T15:40:55","slug":"fleischfresser-und-wustenpflanzen","status":"publish","type":"page","link":"https:\/\/www.grueneschulebasel.ch\/wordpress\/fuhrungskonzepte\/fleischfresser-und-wustenpflanzen\/","title":{"rendered":"Anpassungen der Pflanzen an verschiedene Lebensr\u00e4ume"},"content":{"rendered":"<p><strong><a href=\"https:\/\/www.grueneschulebasel.ch\/wordpress\/wp-content\/uploads\/2018\/07\/DSC_0306-e1531657484524.jpg\"><img loading=\"lazy\" decoding=\"async\" class=\"alignleft wp-image-166\" src=\"https:\/\/www.grueneschulebasel.ch\/wordpress\/wp-content\/uploads\/2018\/07\/DSC_0306-e1531657484524-199x300.jpg\" alt=\"\" width=\"242\" height=\"365\" srcset=\"https:\/\/www.grueneschulebasel.ch\/wordpress\/wp-content\/uploads\/2018\/07\/DSC_0306-e1531657484524-199x300.jpg 199w, https:\/\/www.grueneschulebasel.ch\/wordpress\/wp-content\/uploads\/2018\/07\/DSC_0306-e1531657484524.jpg 565w\" sizes=\"auto, (max-width: 242px) 100vw, 242px\" \/><\/a><\/strong>Gewisse Pflanzen haben es geschafft, sich an extreme Lebensr\u00e4ume wie W\u00fcsten, alpine H\u00f6henstufen oder n\u00e4hrstoffarme Standorte anzupassen. Wir schauen solche Pflanzenarten an und zeigen deren \u00dcberlebensstrategien auf. Es sind wahre \u00dcberlebensk\u00fcnstler der Pflanzenwelt. Besonderes Highlight sind die Fleischfresserpflanzen und deren Fangmethoden.<\/p>\n<p><em>F\u00fcr alle Schulstufen geeignet<\/em><\/p>\n","protected":false},"excerpt":{"rendered":"<p>Gewisse Pflanzen haben es geschafft, sich an extreme Lebensr\u00e4ume wie W\u00fcsten, alpine H\u00f6henstufen oder n\u00e4hrstoffarme Standorte anzupassen. Wir schauen solche Pflanzenarten an und zeigen deren \u00dcberlebensstrategien auf. Es sind wahre \u00dcberlebensk\u00fcnstler der Pflanzenwelt. Besonderes Highlight sind die Fleischfresserpflanzen und deren <a href=\"https:\/\/www.grueneschulebasel.ch\/wordpress\/fuhrungskonzepte\/fleischfresser-und-wustenpflanzen\/\"> Read more&#8230;<\/a><\/p>\n","protected":false},"author":1,"featured_media":0,"parent":8,"menu_order":1,"comment_status":"closed","ping_status":"closed","template":"","meta":{"footnotes":""},"class_list":["post-26","page","type-page","status-publish","hentry"],"_links":{"self":[{"href":"https:\/\/www.grueneschulebasel.ch\/wordpress\/wp-json\/wp\/v2\/pages\/26","targetHints":{"allow":["GET"]}}],"collection":[{"href":"https:\/\/www.grueneschulebasel.ch\/wordpress\/wp-json\/wp\/v2\/pages"}],"about":[{"href":"https:\/\/www.grueneschulebasel.ch\/wordpress\/wp-json\/wp\/v2\/types\/page"}],"author":[{"embeddable":true,"href":"https:\/\/www.grueneschulebasel.ch\/wordpress\/wp-json\/wp\/v2\/users\/1"}],"replies":[{"embeddable":true,"href":"https:\/\/www.grueneschulebasel.ch\/wordpress\/wp-json\/wp\/v2\/comments?post=26"}],"version-history":[{"count":12,"href":"https:\/\/www.grueneschulebasel.ch\/wordpress\/wp-json\/wp\/v2\/pages\/26\/revisions"}],"predecessor-version":[{"id":702,"href":"https:\/\/www.grueneschulebasel.ch\/wordpress\/wp-json\/wp\/v2\/pages\/26\/revisions\/702"}],"up":[{"embeddable":true,"href":"https:\/\/www.grueneschulebasel.ch\/wordpress\/wp-json\/wp\/v2\/pages\/8"}],"wp:attachment":[{"href":"https:\/\/www.grueneschulebasel.ch\/wordpress\/wp-json\/wp\/v2\/media?parent=26"}],"curies":[{"name":"wp","href":"https:\/\/api.w.org\/{rel}","templated":true}]}}