{"id":204,"date":"2018-07-15T14:20:45","date_gmt":"2018-07-15T14:20:45","guid":{"rendered":"http:\/\/www.grueneschulebasel.ch\/?page_id=204"},"modified":"2019-08-12T18:58:01","modified_gmt":"2019-08-12T18:58:01","slug":"impressum","status":"publish","type":"page","link":"https:\/\/www.grueneschulebasel.ch\/wordpress\/impressum\/","title":{"rendered":"Impressum &#038; Datenschutzerkl\u00e4rung"},"content":{"rendered":"<p><strong>Impressum<\/strong><\/p>\n<p>Die Gr\u00fcne Schule Basel ist ein uneigenn\u00fctziger, nicht kommerzieller Verein und daher von der Impressumpflicht vom 1. April 2012 ausgenommen.<\/p>\n<p>Am Projekt sind freiwillige Helfer*Innen beteiligt, die Spass an Umwelt und Natur haben.<\/p>\n<p>Als Verein distanzieren wir uns vor den Inhalten verlinkter Websites.<\/p>\n<p>Alle Texte, das Website-Design und Fotografien wurden von Mitglieder*Innen der Gr\u00fcnen Schule Basel erarbeitet und zur Verf\u00fcgung gestellt.<\/p>\n<p><strong>Datenschutzerkl\u00e4rung<\/strong><\/p>\n<p>Bei einem Besuch dieser Website erheben wir keine personenbezogenen Daten von Ihnen. Personenbezogene Daten werden nur erhoben, wenn Sie uns diese selbst \u00fcber unser Kontaktformular mitteilen. Diese Daten werden ausschliesslich zur Beantwortung Ihres Anliegens genutzt und nicht an Dritte weitergegeben. Das Kontaktformular der Website verwendet\u00a0 reCAPTCHA, Version 3.<\/p>\n<p>Ihnen stehen grunds\u00e4tzlich die Rechte auf Auskunft, Berichtigung, L\u00f6schung, Einschr\u00e4nkung, Daten\u00fcbertragbarkeit, Widerruf und Widerspruch zu. Wenn Sie glauben, dass die Verarbeitung Ihrer Daten gegen das Datenschutzrecht verst\u00f6sst oder Ihre datenschutzrechtlichen Anspr\u00fcche sonst in einer Weise verletzt worden sind, k\u00f6nnen Sie sich bei der Aufsichtsbeh\u00f6rde beschweren.<\/p>\n","protected":false},"excerpt":{"rendered":"<p>Impressum Die Gr\u00fcne Schule Basel ist ein uneigenn\u00fctziger, nicht kommerzieller Verein und daher von der Impressumpflicht vom 1. April 2012 ausgenommen. Am Projekt sind freiwillige Helfer*Innen beteiligt, die Spass an Umwelt und Natur haben. Als Verein distanzieren wir uns vor <a href=\"https:\/\/www.grueneschulebasel.ch\/wordpress\/impressum\/\"> Read more&#8230;<\/a><\/p>\n","protected":false},"author":1,"featured_media":0,"parent":0,"menu_order":0,"comment_status":"closed","ping_status":"closed","template":"","meta":{"footnotes":""},"class_list":["post-204","page","type-page","status-publish","hentry"],"_links":{"self":[{"href":"https:\/\/www.grueneschulebasel.ch\/wordpress\/wp-json\/wp\/v2\/pages\/204","targetHints":{"allow":["GET"]}}],"collection":[{"href":"https:\/\/www.grueneschulebasel.ch\/wordpress\/wp-json\/wp\/v2\/pages"}],"about":[{"href":"https:\/\/www.grueneschulebasel.ch\/wordpress\/wp-json\/wp\/v2\/types\/page"}],"author":[{"embeddable":true,"href":"https:\/\/www.grueneschulebasel.ch\/wordpress\/wp-json\/wp\/v2\/users\/1"}],"replies":[{"embeddable":true,"href":"https:\/\/www.grueneschulebasel.ch\/wordpress\/wp-json\/wp\/v2\/comments?post=204"}],"version-history":[{"count":6,"href":"https:\/\/www.grueneschulebasel.ch\/wordpress\/wp-json\/wp\/v2\/pages\/204\/revisions"}],"predecessor-version":[{"id":358,"href":"https:\/\/www.grueneschulebasel.ch\/wordpress\/wp-json\/wp\/v2\/pages\/204\/revisions\/358"}],"wp:attachment":[{"href":"https:\/\/www.grueneschulebasel.ch\/wordpress\/wp-json\/wp\/v2\/media?parent=204"}],"curies":[{"name":"wp","href":"https:\/\/api.w.org\/{rel}","templated":true}]}}