{"id":14,"date":"2015-05-22T11:28:08","date_gmt":"2015-05-22T11:28:08","guid":{"rendered":"http:\/\/www.grueneschulebasel.ch\/wordpress\/?page_id=14"},"modified":"2024-05-17T15:43:13","modified_gmt":"2024-05-17T15:43:13","slug":"bluten-und-bestaubung","status":"publish","type":"page","link":"https:\/\/www.grueneschulebasel.ch\/wordpress\/fuhrungskonzepte\/bluten-und-bestaubung\/","title":{"rendered":"Bl\u00fcten und Best\u00e4ubung"},"content":{"rendered":"<p><strong><a href=\"https:\/\/www.grueneschulebasel.ch\/wordpress\/wp-content\/uploads\/2018\/07\/DSC_1273-e1531657469799.jpg\"><img loading=\"lazy\" decoding=\"async\" class=\"alignleft  wp-image-167\" src=\"https:\/\/www.grueneschulebasel.ch\/wordpress\/wp-content\/uploads\/2018\/07\/DSC_1273-e1531657469799.jpg\" alt=\"\" width=\"339\" height=\"511\" srcset=\"https:\/\/www.grueneschulebasel.ch\/wordpress\/wp-content\/uploads\/2018\/07\/DSC_1273-e1531657469799.jpg 565w, https:\/\/www.grueneschulebasel.ch\/wordpress\/wp-content\/uploads\/2018\/07\/DSC_1273-e1531657469799-199x300.jpg 199w\" sizes=\"auto, (max-width: 339px) 100vw, 339px\" \/><\/a><\/strong><\/p>\n<p>Was ist eine Bl\u00fcte und was ist ihre Funktion?<br \/>\nWer best\u00e4ubt unsere einheimischen Pflanzen? Die Bienen, der Wind oder verschiedene Falter? Wer best\u00e4ubt die exotische Titanwurz? Bl\u00fctenform und -farbe sind nicht zuf\u00e4llig gew\u00e4hlt, sondern immer an einen Best\u00e4uber angepasst.<br \/>\nIm Sommer und je nach Wetter k\u00f6nnen Best\u00e4uber, wie Hummeln, Bienen &amp; Co beobachtet werden.<\/p>\n<p><em>F\u00fcr alle Schulstufen geeignet.<\/em><\/p>\n","protected":false},"excerpt":{"rendered":"<p>Was ist eine Bl\u00fcte und was ist ihre Funktion? Wer best\u00e4ubt unsere einheimischen Pflanzen? Die Bienen, der Wind oder verschiedene Falter? Wer best\u00e4ubt die exotische Titanwurz? Bl\u00fctenform und -farbe sind nicht zuf\u00e4llig gew\u00e4hlt, sondern immer an einen Best\u00e4uber angepasst. Im <a href=\"https:\/\/www.grueneschulebasel.ch\/wordpress\/fuhrungskonzepte\/bluten-und-bestaubung\/\"> Read more&#8230;<\/a><\/p>\n","protected":false},"author":1,"featured_media":0,"parent":8,"menu_order":1,"comment_status":"closed","ping_status":"closed","template":"","meta":{"footnotes":""},"class_list":["post-14","page","type-page","status-publish","hentry"],"_links":{"self":[{"href":"https:\/\/www.grueneschulebasel.ch\/wordpress\/wp-json\/wp\/v2\/pages\/14","targetHints":{"allow":["GET"]}}],"collection":[{"href":"https:\/\/www.grueneschulebasel.ch\/wordpress\/wp-json\/wp\/v2\/pages"}],"about":[{"href":"https:\/\/www.grueneschulebasel.ch\/wordpress\/wp-json\/wp\/v2\/types\/page"}],"author":[{"embeddable":true,"href":"https:\/\/www.grueneschulebasel.ch\/wordpress\/wp-json\/wp\/v2\/users\/1"}],"replies":[{"embeddable":true,"href":"https:\/\/www.grueneschulebasel.ch\/wordpress\/wp-json\/wp\/v2\/comments?post=14"}],"version-history":[{"count":8,"href":"https:\/\/www.grueneschulebasel.ch\/wordpress\/wp-json\/wp\/v2\/pages\/14\/revisions"}],"predecessor-version":[{"id":704,"href":"https:\/\/www.grueneschulebasel.ch\/wordpress\/wp-json\/wp\/v2\/pages\/14\/revisions\/704"}],"up":[{"embeddable":true,"href":"https:\/\/www.grueneschulebasel.ch\/wordpress\/wp-json\/wp\/v2\/pages\/8"}],"wp:attachment":[{"href":"https:\/\/www.grueneschulebasel.ch\/wordpress\/wp-json\/wp\/v2\/media?parent=14"}],"curies":[{"name":"wp","href":"https:\/\/api.w.org\/{rel}","templated":true}]}}