{"id":112,"date":"2018-04-29T09:36:04","date_gmt":"2018-04-29T09:36:04","guid":{"rendered":"http:\/\/www.grueneschulebasel.ch\/?page_id=112"},"modified":"2024-05-15T08:37:17","modified_gmt":"2024-05-15T08:37:17","slug":"nutzpflanzen-der-penan-im-regenwald","status":"publish","type":"page","link":"https:\/\/www.grueneschulebasel.ch\/wordpress\/fuhrungskonzepte\/nutzpflanzen-der-penan-im-regenwald\/","title":{"rendered":"Nutzpflanzen der Penan im Regenwald von Borneo"},"content":{"rendered":"<p><a href=\"https:\/\/www.grueneschulebasel.ch\/wordpress\/wp-content\/uploads\/2018\/08\/thumbnail_Penan-Nutzpflanzen.jpg\"><img loading=\"lazy\" decoding=\"async\" class=\"alignleft wp-image-228\" src=\"https:\/\/www.grueneschulebasel.ch\/wordpress\/wp-content\/uploads\/2018\/08\/thumbnail_Penan-Nutzpflanzen.jpg\" alt=\"\" width=\"397\" height=\"397\" srcset=\"https:\/\/www.grueneschulebasel.ch\/wordpress\/wp-content\/uploads\/2018\/08\/thumbnail_Penan-Nutzpflanzen.jpg 1280w, https:\/\/www.grueneschulebasel.ch\/wordpress\/wp-content\/uploads\/2018\/08\/thumbnail_Penan-Nutzpflanzen-150x150.jpg 150w, https:\/\/www.grueneschulebasel.ch\/wordpress\/wp-content\/uploads\/2018\/08\/thumbnail_Penan-Nutzpflanzen-300x300.jpg 300w, https:\/\/www.grueneschulebasel.ch\/wordpress\/wp-content\/uploads\/2018\/08\/thumbnail_Penan-Nutzpflanzen-768x768.jpg 768w, https:\/\/www.grueneschulebasel.ch\/wordpress\/wp-content\/uploads\/2018\/08\/thumbnail_Penan-Nutzpflanzen-1024x1024.jpg 1024w, https:\/\/www.grueneschulebasel.ch\/wordpress\/wp-content\/uploads\/2018\/08\/thumbnail_Penan-Nutzpflanzen-90x90.jpg 90w\" sizes=\"auto, (max-width: 397px) 100vw, 397px\" \/><\/a>Wie \u00fcberleben die Penan im tropischen Regenwald Borneos?<br \/>\nWelche Pflanzen nutzen sie und was machen sie damit? Sammeln sie Wurzeln, Fr\u00fcchte und Bl\u00e4tter von wilden Pflanzen? Wie bauen sie ihre H\u00fctten und womit gehen sie jagen? Bruno Mansers sch\u00f6ne Zeichnungen begleiten uns auf der Suche nach den Nutzpflanzen durch das Tropenhaus.<br \/>\n<em>F\u00fcr alle Schulstufen geeignet.<\/em><\/p>\n","protected":false},"excerpt":{"rendered":"<p>Wie \u00fcberleben die Penan im tropischen Regenwald Borneos? Welche Pflanzen nutzen sie und was machen sie damit? Sammeln sie Wurzeln, Fr\u00fcchte und Bl\u00e4tter von wilden Pflanzen? Wie bauen sie ihre H\u00fctten und womit gehen sie jagen? Bruno Mansers sch\u00f6ne Zeichnungen <a href=\"https:\/\/www.grueneschulebasel.ch\/wordpress\/fuhrungskonzepte\/nutzpflanzen-der-penan-im-regenwald\/\"> Read more&#8230;<\/a><\/p>\n","protected":false},"author":1,"featured_media":0,"parent":8,"menu_order":1,"comment_status":"closed","ping_status":"closed","template":"","meta":{"footnotes":""},"class_list":["post-112","page","type-page","status-publish","hentry"],"_links":{"self":[{"href":"https:\/\/www.grueneschulebasel.ch\/wordpress\/wp-json\/wp\/v2\/pages\/112","targetHints":{"allow":["GET"]}}],"collection":[{"href":"https:\/\/www.grueneschulebasel.ch\/wordpress\/wp-json\/wp\/v2\/pages"}],"about":[{"href":"https:\/\/www.grueneschulebasel.ch\/wordpress\/wp-json\/wp\/v2\/types\/page"}],"author":[{"embeddable":true,"href":"https:\/\/www.grueneschulebasel.ch\/wordpress\/wp-json\/wp\/v2\/users\/1"}],"replies":[{"embeddable":true,"href":"https:\/\/www.grueneschulebasel.ch\/wordpress\/wp-json\/wp\/v2\/comments?post=112"}],"version-history":[{"count":20,"href":"https:\/\/www.grueneschulebasel.ch\/wordpress\/wp-json\/wp\/v2\/pages\/112\/revisions"}],"predecessor-version":[{"id":590,"href":"https:\/\/www.grueneschulebasel.ch\/wordpress\/wp-json\/wp\/v2\/pages\/112\/revisions\/590"}],"up":[{"embeddable":true,"href":"https:\/\/www.grueneschulebasel.ch\/wordpress\/wp-json\/wp\/v2\/pages\/8"}],"wp:attachment":[{"href":"https:\/\/www.grueneschulebasel.ch\/wordpress\/wp-json\/wp\/v2\/media?parent=112"}],"curies":[{"name":"wp","href":"https:\/\/api.w.org\/{rel}","templated":true}]}}